{"id":35197,"date":"2025-05-28T19:59:08","date_gmt":"2025-05-28T17:59:08","guid":{"rendered":"https:\/\/orchideanera.com\/?post_type=product&#038;p=35197"},"modified":"2025-05-28T19:59:11","modified_gmt":"2025-05-28T17:59:11","slug":"lacca-400ml-forza-fissativa-ecologica","status":"publish","type":"product","link":"https:\/\/orchideanera.com\/?product=lacca-400ml-forza-fissativa-ecologica","title":{"rendered":"Lacca 400ml Forza Fissativa Ecologica"},"content":{"rendered":"<p>Lacca 400ml Forza Fissativa Ecologica<\/p>\n<p>E&#8217; veramente ecologica perch\u00e8 assolutamente priva di gas propellenti. Non si spande nell&#8217;aria e di conseguenza non si respira. Forza Fissativa Lacca Ecologica contiene solo prodotto attivo. Non appesantisce il capello dando volume alla capigliatura. Spruzzare sulla capigliatura da una distanza di 15-20 cm. Ripetere lo spruzzo della pompetta su tutta la capigliatura, specialmente dove la pettinatura \u00e8 pi\u00f9 elaborata. Quantit\u00e0: 400ml<\/p>\n","protected":false},"excerpt":{"rendered":"<p>Lacca 400ml Forza Fissativa Ecologica E&#8217; veramente ecologica perch\u00e8 assolutamente priva di gas propellenti. Non si spande nell&#8217;aria e di<\/p>\n","protected":false},"featured_media":35217,"comment_status":"closed","ping_status":"closed","template":"","meta":[],"product_brand":[],"product_cat":[180,71,86],"product_tag":[5117,5118,5119],"class_list":{"0":"post-35197","1":"product","2":"type-product","3":"status-publish","4":"has-post-thumbnail","6":"product_cat-lacca","7":"product_cat-parrucchieria","8":"product_cat-styling","9":"product_tag-forza-fissativa-ecologica","10":"product_tag-lacca-400ml","11":"product_tag-lacca-forza-fissativa","13":"first","14":"instock","15":"shipping-taxable","16":"purchasable","17":"product-type-simple"},"_links":{"self":[{"href":"https:\/\/orchideanera.com\/index.php?rest_route=\/wp\/v2\/product\/35197","targetHints":{"allow":["GET"]}}],"collection":[{"href":"https:\/\/orchideanera.com\/index.php?rest_route=\/wp\/v2\/product"}],"about":[{"href":"https:\/\/orchideanera.com\/index.php?rest_route=\/wp\/v2\/types\/product"}],"replies":[{"embeddable":true,"href":"https:\/\/orchideanera.com\/index.php?rest_route=%2Fwp%2Fv2%2Fcomments&post=35197"}],"version-history":[{"count":1,"href":"https:\/\/orchideanera.com\/index.php?rest_route=\/wp\/v2\/product\/35197\/revisions"}],"predecessor-version":[{"id":35218,"href":"https:\/\/orchideanera.com\/index.php?rest_route=\/wp\/v2\/product\/35197\/revisions\/35218"}],"wp:featuredmedia":[{"embeddable":true,"href":"https:\/\/orchideanera.com\/index.php?rest_route=\/wp\/v2\/media\/35217"}],"wp:attachment":[{"href":"https:\/\/orchideanera.com\/index.php?rest_route=%2Fwp%2Fv2%2Fmedia&parent=35197"}],"wp:term":[{"taxonomy":"product_brand","embeddable":true,"href":"https:\/\/orchideanera.com\/index.php?rest_route=%2Fwp%2Fv2%2Fproduct_brand&post=35197"},{"taxonomy":"product_cat","embeddable":true,"href":"https:\/\/orchideanera.com\/index.php?rest_route=%2Fwp%2Fv2%2Fproduct_cat&post=35197"},{"taxonomy":"product_tag","embeddable":true,"href":"https:\/\/orchideanera.com\/index.php?rest_route=%2Fwp%2Fv2%2Fproduct_tag&post=35197"}],"curies":[{"name":"wp","href":"https:\/\/api.w.org\/{rel}","templated":true}]}}