{"id":33442,"date":"2025-05-28T19:54:51","date_gmt":"2025-05-28T17:54:51","guid":{"rendered":"https:\/\/orchideanera.com\/?post_type=product&#038;p=33442"},"modified":"2025-05-28T19:54:58","modified_gmt":"2025-05-28T17:54:58","slug":"fructis-shampoo-250ml-fortificante-densi-e-corposi","status":"publish","type":"product","link":"https:\/\/orchideanera.com\/?product=fructis-shampoo-250ml-fortificante-densi-e-corposi","title":{"rendered":"Fructis Shampoo 250ml Fortificante Densi E Corposi"},"content":{"rendered":"<p>Fructis Shampoo 250ml Fortificante Densi E Corposi<\/p>\n<p>Lo Shampoo di Densi &amp; Corposi, formulato con fibra-cylane rimpolpante, molecola innovativa che penetra nella fibra capillare rendendola pi\u00f9 densa e con l&#8217;estratto di polpa di melograno, nota per le sue propriet\u00e0 idratanti, dona corpo ai tuoi capelli e li rende pi\u00f9 pieni e densi alla vista.<\/p>\n","protected":false},"excerpt":{"rendered":"<p>Fructis Shampoo 250ml Fortificante Densi E Corposi<\/p>\n","protected":false},"featured_media":33493,"comment_status":"closed","ping_status":"closed","template":"","meta":[],"product_brand":[],"product_cat":[117,79],"product_tag":[2830,2853,2854,2584],"class_list":{"0":"post-33442","1":"product","2":"type-product","3":"status-publish","4":"has-post-thumbnail","6":"product_cat-prodotti-per-ligiene-della-persona","7":"product_cat-pulizia-e-igiene","8":"product_tag-fructis-shampoo-250ml","9":"product_tag-shampoo-250ml-fortificante-densi-e-corposi","10":"product_tag-shampoo-corporizzante","11":"product_tag-shampoo-idratante","13":"first","14":"outofstock","15":"shipping-taxable","16":"purchasable","17":"product-type-simple"},"_links":{"self":[{"href":"https:\/\/orchideanera.com\/index.php?rest_route=\/wp\/v2\/product\/33442","targetHints":{"allow":["GET"]}}],"collection":[{"href":"https:\/\/orchideanera.com\/index.php?rest_route=\/wp\/v2\/product"}],"about":[{"href":"https:\/\/orchideanera.com\/index.php?rest_route=\/wp\/v2\/types\/product"}],"replies":[{"embeddable":true,"href":"https:\/\/orchideanera.com\/index.php?rest_route=%2Fwp%2Fv2%2Fcomments&post=33442"}],"version-history":[{"count":1,"href":"https:\/\/orchideanera.com\/index.php?rest_route=\/wp\/v2\/product\/33442\/revisions"}],"predecessor-version":[{"id":33494,"href":"https:\/\/orchideanera.com\/index.php?rest_route=\/wp\/v2\/product\/33442\/revisions\/33494"}],"wp:featuredmedia":[{"embeddable":true,"href":"https:\/\/orchideanera.com\/index.php?rest_route=\/wp\/v2\/media\/33493"}],"wp:attachment":[{"href":"https:\/\/orchideanera.com\/index.php?rest_route=%2Fwp%2Fv2%2Fmedia&parent=33442"}],"wp:term":[{"taxonomy":"product_brand","embeddable":true,"href":"https:\/\/orchideanera.com\/index.php?rest_route=%2Fwp%2Fv2%2Fproduct_brand&post=33442"},{"taxonomy":"product_cat","embeddable":true,"href":"https:\/\/orchideanera.com\/index.php?rest_route=%2Fwp%2Fv2%2Fproduct_cat&post=33442"},{"taxonomy":"product_tag","embeddable":true,"href":"https:\/\/orchideanera.com\/index.php?rest_route=%2Fwp%2Fv2%2Fproduct_tag&post=33442"}],"curies":[{"name":"wp","href":"https:\/\/api.w.org\/{rel}","templated":true}]}}