{"id":31073,"date":"2025-05-28T19:49:44","date_gmt":"2025-05-28T17:49:44","guid":{"rendered":"https:\/\/orchideanera.com\/?post_type=product&#038;p=31073"},"modified":"2025-05-28T19:49:53","modified_gmt":"2025-05-28T17:49:53","slug":"capucci-evento-uomo-after-shave-100ml","status":"publish","type":"product","link":"https:\/\/orchideanera.com\/?product=capucci-evento-uomo-after-shave-100ml","title":{"rendered":"Capucci Evento Uomo After Shave 100ml"},"content":{"rendered":"<p>Evento Uomo After Shave 100 ml<\/p>\n<p>CAPUCCI EVENTO UOMO AS 100 ML : Un annuncio di note fruttate in un crescendo che precede lo scatenarsi della forza del patchouli, la solidit\u00e0 delle note cuoiate di betulla e la tonicit\u00e0 delle bacche di ginepro. Energia pura esaltata dalla virilit\u00e0 di musk e muschio di quercia.<\/p>\n","protected":false},"excerpt":{"rendered":"<p>Capucci Evento Uomo After Shave After Shave<\/p>\n","protected":false},"featured_media":31130,"comment_status":"closed","ping_status":"closed","template":"","meta":[],"product_brand":[],"product_cat":[369,371,77,110],"product_tag":[812,845,975,980,981,844,978,783,784,979],"class_list":{"0":"post-31073","1":"product","2":"type-product","3":"status-publish","4":"has-post-thumbnail","6":"product_cat-dopo-barba-uomo","7":"product_cat-offerte-profumerie-uomo","8":"product_cat-profumeria","9":"product_cat-uomo","10":"product_tag-100ml","11":"product_tag-after-shave-100ml","12":"product_tag-capucci","13":"product_tag-capucci-evento-uomo-after-shave-after-shave","14":"product_tag-evento","15":"product_tag-profumo","16":"product_tag-roberto","17":"product_tag-spray","18":"product_tag-uomo","19":"product_tag-water","21":"first","22":"outofstock","23":"sale","24":"shipping-taxable","25":"purchasable","26":"product-type-simple"},"_links":{"self":[{"href":"https:\/\/orchideanera.com\/index.php?rest_route=\/wp\/v2\/product\/31073","targetHints":{"allow":["GET"]}}],"collection":[{"href":"https:\/\/orchideanera.com\/index.php?rest_route=\/wp\/v2\/product"}],"about":[{"href":"https:\/\/orchideanera.com\/index.php?rest_route=\/wp\/v2\/types\/product"}],"replies":[{"embeddable":true,"href":"https:\/\/orchideanera.com\/index.php?rest_route=%2Fwp%2Fv2%2Fcomments&post=31073"}],"version-history":[{"count":1,"href":"https:\/\/orchideanera.com\/index.php?rest_route=\/wp\/v2\/product\/31073\/revisions"}],"predecessor-version":[{"id":31131,"href":"https:\/\/orchideanera.com\/index.php?rest_route=\/wp\/v2\/product\/31073\/revisions\/31131"}],"wp:featuredmedia":[{"embeddable":true,"href":"https:\/\/orchideanera.com\/index.php?rest_route=\/wp\/v2\/media\/31130"}],"wp:attachment":[{"href":"https:\/\/orchideanera.com\/index.php?rest_route=%2Fwp%2Fv2%2Fmedia&parent=31073"}],"wp:term":[{"taxonomy":"product_brand","embeddable":true,"href":"https:\/\/orchideanera.com\/index.php?rest_route=%2Fwp%2Fv2%2Fproduct_brand&post=31073"},{"taxonomy":"product_cat","embeddable":true,"href":"https:\/\/orchideanera.com\/index.php?rest_route=%2Fwp%2Fv2%2Fproduct_cat&post=31073"},{"taxonomy":"product_tag","embeddable":true,"href":"https:\/\/orchideanera.com\/index.php?rest_route=%2Fwp%2Fv2%2Fproduct_tag&post=31073"}],"curies":[{"name":"wp","href":"https:\/\/api.w.org\/{rel}","templated":true}]}}